{"id":3838,"date":"2019-11-04T09:06:47","date_gmt":"2019-11-04T08:06:47","guid":{"rendered":"http:\/\/www.loramendi.com\/politica-de-proteccion-de-datos\/"},"modified":"2019-11-04T09:06:48","modified_gmt":"2019-11-04T08:06:48","slug":"politica-de-proteccion-de-datos","status":"publish","type":"page","link":"https:\/\/www.loramendi.com\/es\/politica-de-proteccion-de-datos\/","title":{"rendered":"Pol\u00edtica de protecci\u00f3n de datos"},"content":{"rendered":"<p>[vc_row css=\u00bb.vc_custom_1460122496361{margin-bottom: 30px !important;}\u00bb][vc_column][vc_custom_heading text=\u00bbPOL\u00cdTICA DE PROTECCI\u00d3N DE DATOS\u00bb use_theme_fonts=\u00bbyes\u00bb el_class=\u00bbtitle\u00bb][vc_empty_space height=\u00bb20px\u00bb][vc_column_text]<\/p>\n<h2>1. RESPONSABLE DEL TRATAMIENTO<\/h2>\n<p>Loramendi S.Coop. (en adelante, LORAMENDI), Alibarra Kalea, 2601010 Vitoria-Gasteiz.<\/p>\n<p>Contacto para asuntos relacionados con la protecci\u00f3n de datos de car\u00e1cter personal:\u00a0 info@loramendi.com<\/p>\n<h2>2. \u00bfCU\u00c1L ES LA FINALIDAD DEL TRATAMIENTO Y EL INTER\u00c9S LEG\u00cdTIMO DE LORAMENDI?<\/h2>\n<p>Para acceder a y\/o utilizar algunos de los Servicios es necesario que los Usuarios proporcionen previamente a LORAMENDI ciertos datos de car\u00e1cter personal, que LORAMENDI tratar\u00e1 e incorporar\u00e1 a un fichero automatizado, con las finalidades que en cada caso correspondan, aunque fundamentalmente los datos que el usuario facilite a LORAMENDI tienen como objeto prestar los servicio ofrecidos por esta p\u00e1gina Web, principalmente responder al contacto, sugerencia o petici\u00f3n efectuada por el usuario.<\/p>\n<p>Todas estas circunstancias ser\u00e1n previa y debidamente advertidas por LORAMENDI a los Usuarios, en los casos y en la forma en que ello resulta legalmente exigible.<\/p>\n<p>Si el Usuario facilita datos de car\u00e1cter personal de terceras personas, informar\u00e1 a dichos terceros del contenido de los datos facilitados, de la existencia y finalidad del fichero donde se contienen sus datos, de la posibilidad de ejercitar los derechos, identificar\u00e1 a LORAMENDI \u00a0y deber\u00e1 obtener el consentimiento de dicho tercero para comunicar los datos de \u00e9ste a LORAMENDI.<\/p>\n<h2>3. \u00bfQU\u00c9 DATOS TRATAMOS Y DURANTE CU\u00c1NTO TIEMPO?<\/h2>\n<p>LORAMENDI tratar\u00e1:<\/p>\n<p>(i) los datos de car\u00e1cter personal identificativos y de contacto facilitados.<\/p>\n<p>(ii) los resultantes de procesos inform\u00e1ticos (h\u00e1bitos de navegaci\u00f3n o uso del medio y\/o entorno digital cuando se haga uso del mismo), Direcci\u00f3n IP e informaci\u00f3n recopilada a trav\u00e9s de cookies, etiquetas de p\u00edxel y otras tecnolog\u00edas;<\/p>\n<p>LORAMENDI tratar\u00e1 y almacenar\u00e1 los datos mientras el usuario est\u00e9 activo en el servicio y\/o participe en un proceso de selecci\u00f3n, as\u00ed como durante el plazo de prescripci\u00f3n de obligaciones legales, que pudieran nacer de posibles responsabilidades vinculadas al tratamiento de los datos del Candidato.<\/p>\n<h2>4. MEDIDAS DE SEGURIDAD Y CONFIDENCIALIDAD DE LA INFORMACI\u00d3N.<\/h2>\n<p>LORAMENDI garantiza que ha adoptado las medidas oportunas de seguridad en sus instalaciones, sistemas y ficheros. Asimismo, LORAMENDI garantiza la confidencialidad de los Datos Personales. Ello no obstante, LORAMENDI revelar\u00e1 a las autoridades p\u00fablicas competentes los Datos Personales y cualquier otra informaci\u00f3n que est\u00e9 en su poder o sea accesible a trav\u00e9s de sus sistemas y sea requerida de conformidad con las disposiciones legales y reglamentarias aplicables al caso.<\/p>\n<h2>5.-LOS DERECHOS DEL USUARIO<\/h2>\n<p>Todo Usuario podr\u00e1 ejercitar los derechos de acceso, rectificaci\u00f3n, supresi\u00f3n, revocar su consentimiento, oponerse a su tratamiento, limitar el mismo y\/o solicitar la portabilidad de sus datos, a trav\u00e9s de info@loramendi.com o dirigiendo un escrito a:<\/p>\n<p>Alibarra Kalea, 2601010 Vitoria-Gasteiz.<\/p>\n<h2>6. POL\u00cdTICA DE COOKIES<\/h2>\n<p>LORAMENDI utiliza cookies. Puedes acceder a toda la informaci\u00f3n al respecto en la <a href=\"http:\/\/www.loramendi.com\/es\/politica-de-cookies\/\">Cookie policy<\/a>.<\/p>\n<h2>7. CAMBIOS EN LA POL\u00cdTICA DE PROTECCI\u00d3N DE DATOS<\/h2>\n<p>LORAMENDI cumple escrupulosamente con las leyes aplicables a la protecci\u00f3n de datos y la privacidad de los usuarios. Para ello, se reserva el derecho a modificar unilateralmente, en cualquier momento y sin aviso previo, las condiciones de la presente Pol\u00edtica de Protecci\u00f3n de datos de car\u00e1cter personal para adecuarla a cualquier cambio normativo o a cualquier modificaci\u00f3n en la presentaci\u00f3n y configuraci\u00f3n de la Web.<\/p>\n<h2>8.- RECLAMACIONES ANTE LA AUTORIDAD DE CONTROL<\/h2>\n<p>De conformidad con la normativa vigente, el Candidato podr\u00e1 presentar una reclamaci\u00f3n ante la Agencia espa\u00f1ola de protecci\u00f3n de Datos (AEPD) si considera vulnerado alguno de sus derechos, a trav\u00e9s de siguiente enlace https:\/\/www.aepd.es\/.[\/vc_column_text][\/vc_column][\/vc_row]<\/p>\n","protected":false},"excerpt":{"rendered":"<p>[vc_row css=\u00bb.vc_custom_1460122496361{margin-bottom: 30px !important;}\u00bb][vc_column][vc_custom_heading text=\u00bbPOL\u00cdTICA DE PROTECCI\u00d3N DE DATOS\u00bb use_theme_fonts=\u00bbyes\u00bb el_class=\u00bbtitle\u00bb][vc_empty_space height=\u00bb20px\u00bb][vc_column_text] 1. RESPONSABLE DEL TRATAMIENTO Loramendi S.Coop. (en adelante, LORAMENDI), Alibarra Kalea, 2601010 Vitoria-Gasteiz. Contacto para asuntos relacionados con la protecci\u00f3n de datos de car\u00e1cter personal:\u00a0 info@loramendi.com 2. \u00bfCU\u00c1L &hellip;<\/p>\n","protected":false},"author":1,"featured_media":0,"parent":0,"menu_order":0,"comment_status":"closed","ping_status":"closed","template":"","meta":{"_acf_changed":false,"footnotes":""},"class_list":["post-3838","page","type-page","status-publish","hentry"],"acf":[],"yoast_head":"<!-- This site is optimized with the Yoast SEO plugin v27.2 - https:\/\/yoast.com\/product\/yoast-seo-wordpress\/ -->\n<title>Pol\u00edtica de protecci\u00f3n de datos - Loramendi<\/title>\n<meta name=\"robots\" content=\"index, follow, max-snippet:-1, max-image-preview:large, max-video-preview:-1\" \/>\n<link rel=\"canonical\" href=\"https:\/\/www.loramendi.com\/es\/politica-de-proteccion-de-datos\/\" \/>\n<meta property=\"og:locale\" content=\"es_ES\" \/>\n<meta property=\"og:type\" content=\"article\" \/>\n<meta property=\"og:title\" content=\"Pol\u00edtica de protecci\u00f3n de datos - Loramendi\" \/>\n<meta property=\"og:description\" content=\"[vc_row css=\u00bb.vc_custom_1460122496361{margin-bottom: 30px !important;}\u00bb][vc_column][vc_custom_heading text=\u00bbPOL\u00cdTICA DE PROTECCI\u00d3N DE DATOS\u00bb use_theme_fonts=\u00bbyes\u00bb el_class=\u00bbtitle\u00bb][vc_empty_space height=\u00bb20px\u00bb][vc_column_text] 1. RESPONSABLE DEL TRATAMIENTO Loramendi S.Coop. (en adelante, LORAMENDI), Alibarra Kalea, 2601010 Vitoria-Gasteiz. Contacto para asuntos relacionados con la protecci\u00f3n de datos de car\u00e1cter personal:\u00a0 info@loramendi.com 2. \u00bfCU\u00c1L &hellip;\" \/>\n<meta property=\"og:url\" content=\"https:\/\/www.loramendi.com\/es\/politica-de-proteccion-de-datos\/\" \/>\n<meta property=\"og:site_name\" content=\"Loramendi\" \/>\n<meta property=\"article:modified_time\" content=\"2019-11-04T08:06:48+00:00\" \/>\n<meta name=\"twitter:card\" content=\"summary_large_image\" \/>\n<meta name=\"twitter:label1\" content=\"Tiempo de lectura\" \/>\n\t<meta name=\"twitter:data1\" content=\"3 minutos\" \/>\n<script type=\"application\/ld+json\" class=\"yoast-schema-graph\">{\"@context\":\"https:\/\/schema.org\",\"@graph\":[{\"@type\":\"WebPage\",\"@id\":\"https:\/\/www.loramendi.com\/es\/politica-de-proteccion-de-datos\/\",\"url\":\"https:\/\/www.loramendi.com\/es\/politica-de-proteccion-de-datos\/\",\"name\":\"Pol\u00edtica de protecci\u00f3n de datos - Loramendi\",\"isPartOf\":{\"@id\":\"https:\/\/www.loramendi.com\/#website\"},\"datePublished\":\"2019-11-04T08:06:47+00:00\",\"dateModified\":\"2019-11-04T08:06:48+00:00\",\"breadcrumb\":{\"@id\":\"https:\/\/www.loramendi.com\/es\/politica-de-proteccion-de-datos\/#breadcrumb\"},\"inLanguage\":\"es\",\"potentialAction\":[{\"@type\":\"ReadAction\",\"target\":[\"https:\/\/www.loramendi.com\/es\/politica-de-proteccion-de-datos\/\"]}]},{\"@type\":\"BreadcrumbList\",\"@id\":\"https:\/\/www.loramendi.com\/es\/politica-de-proteccion-de-datos\/#breadcrumb\",\"itemListElement\":[{\"@type\":\"ListItem\",\"position\":1,\"name\":\"Portada\",\"item\":\"https:\/\/www.loramendi.com\/\"},{\"@type\":\"ListItem\",\"position\":2,\"name\":\"Pol\u00edtica de protecci\u00f3n de datos\"}]},{\"@type\":\"WebSite\",\"@id\":\"https:\/\/www.loramendi.com\/#website\",\"url\":\"https:\/\/www.loramendi.com\/\",\"name\":\"Loramendi\",\"description\":\"Total performance in foundry\",\"publisher\":{\"@id\":\"https:\/\/www.loramendi.com\/#organization\"},\"potentialAction\":[{\"@type\":\"SearchAction\",\"target\":{\"@type\":\"EntryPoint\",\"urlTemplate\":\"https:\/\/www.loramendi.com\/?s={search_term_string}\"},\"query-input\":{\"@type\":\"PropertyValueSpecification\",\"valueRequired\":true,\"valueName\":\"search_term_string\"}}],\"inLanguage\":\"es\"},{\"@type\":\"Organization\",\"@id\":\"https:\/\/www.loramendi.com\/#organization\",\"name\":\"Loramendi S.Coop.\",\"url\":\"https:\/\/www.loramendi.com\/\",\"logo\":{\"@type\":\"ImageObject\",\"inLanguage\":\"es\",\"@id\":\"https:\/\/www.loramendi.com\/#\/schema\/logo\/image\/\",\"url\":\"https:\/\/www.loramendi.com\/wp-content\/uploads\/2018\/04\/loramendi-logo-1.png\",\"contentUrl\":\"https:\/\/www.loramendi.com\/wp-content\/uploads\/2018\/04\/loramendi-logo-1.png\",\"width\":252,\"height\":73,\"caption\":\"Loramendi S.Coop.\"},\"image\":{\"@id\":\"https:\/\/www.loramendi.com\/#\/schema\/logo\/image\/\"},\"sameAs\":[\"https:\/\/es.linkedin.com\/company\/loramendi-s-coop-\",\"https:\/\/www.youtube.com\/channel\/UC09AqLxmknxKsTUBvsVYFiw\"]}]}<\/script>\n<!-- \/ Yoast SEO plugin. -->","yoast_head_json":{"title":"Pol\u00edtica de protecci\u00f3n de datos - Loramendi","robots":{"index":"index","follow":"follow","max-snippet":"max-snippet:-1","max-image-preview":"max-image-preview:large","max-video-preview":"max-video-preview:-1"},"canonical":"https:\/\/www.loramendi.com\/es\/politica-de-proteccion-de-datos\/","og_locale":"es_ES","og_type":"article","og_title":"Pol\u00edtica de protecci\u00f3n de datos - Loramendi","og_description":"[vc_row css=\u00bb.vc_custom_1460122496361{margin-bottom: 30px !important;}\u00bb][vc_column][vc_custom_heading text=\u00bbPOL\u00cdTICA DE PROTECCI\u00d3N DE DATOS\u00bb use_theme_fonts=\u00bbyes\u00bb el_class=\u00bbtitle\u00bb][vc_empty_space height=\u00bb20px\u00bb][vc_column_text] 1. RESPONSABLE DEL TRATAMIENTO Loramendi S.Coop. (en adelante, LORAMENDI), Alibarra Kalea, 2601010 Vitoria-Gasteiz. Contacto para asuntos relacionados con la protecci\u00f3n de datos de car\u00e1cter personal:\u00a0 info@loramendi.com 2. \u00bfCU\u00c1L &hellip;","og_url":"https:\/\/www.loramendi.com\/es\/politica-de-proteccion-de-datos\/","og_site_name":"Loramendi","article_modified_time":"2019-11-04T08:06:48+00:00","twitter_card":"summary_large_image","twitter_misc":{"Tiempo de lectura":"3 minutos"},"schema":{"@context":"https:\/\/schema.org","@graph":[{"@type":"WebPage","@id":"https:\/\/www.loramendi.com\/es\/politica-de-proteccion-de-datos\/","url":"https:\/\/www.loramendi.com\/es\/politica-de-proteccion-de-datos\/","name":"Pol\u00edtica de protecci\u00f3n de datos - Loramendi","isPartOf":{"@id":"https:\/\/www.loramendi.com\/#website"},"datePublished":"2019-11-04T08:06:47+00:00","dateModified":"2019-11-04T08:06:48+00:00","breadcrumb":{"@id":"https:\/\/www.loramendi.com\/es\/politica-de-proteccion-de-datos\/#breadcrumb"},"inLanguage":"es","potentialAction":[{"@type":"ReadAction","target":["https:\/\/www.loramendi.com\/es\/politica-de-proteccion-de-datos\/"]}]},{"@type":"BreadcrumbList","@id":"https:\/\/www.loramendi.com\/es\/politica-de-proteccion-de-datos\/#breadcrumb","itemListElement":[{"@type":"ListItem","position":1,"name":"Portada","item":"https:\/\/www.loramendi.com\/"},{"@type":"ListItem","position":2,"name":"Pol\u00edtica de protecci\u00f3n de datos"}]},{"@type":"WebSite","@id":"https:\/\/www.loramendi.com\/#website","url":"https:\/\/www.loramendi.com\/","name":"Loramendi","description":"Total performance in foundry","publisher":{"@id":"https:\/\/www.loramendi.com\/#organization"},"potentialAction":[{"@type":"SearchAction","target":{"@type":"EntryPoint","urlTemplate":"https:\/\/www.loramendi.com\/?s={search_term_string}"},"query-input":{"@type":"PropertyValueSpecification","valueRequired":true,"valueName":"search_term_string"}}],"inLanguage":"es"},{"@type":"Organization","@id":"https:\/\/www.loramendi.com\/#organization","name":"Loramendi S.Coop.","url":"https:\/\/www.loramendi.com\/","logo":{"@type":"ImageObject","inLanguage":"es","@id":"https:\/\/www.loramendi.com\/#\/schema\/logo\/image\/","url":"https:\/\/www.loramendi.com\/wp-content\/uploads\/2018\/04\/loramendi-logo-1.png","contentUrl":"https:\/\/www.loramendi.com\/wp-content\/uploads\/2018\/04\/loramendi-logo-1.png","width":252,"height":73,"caption":"Loramendi S.Coop."},"image":{"@id":"https:\/\/www.loramendi.com\/#\/schema\/logo\/image\/"},"sameAs":["https:\/\/es.linkedin.com\/company\/loramendi-s-coop-","https:\/\/www.youtube.com\/channel\/UC09AqLxmknxKsTUBvsVYFiw"]}]}},"_links":{"self":[{"href":"https:\/\/www.loramendi.com\/es\/wp-json\/wp\/v2\/pages\/3838","targetHints":{"allow":["GET"]}}],"collection":[{"href":"https:\/\/www.loramendi.com\/es\/wp-json\/wp\/v2\/pages"}],"about":[{"href":"https:\/\/www.loramendi.com\/es\/wp-json\/wp\/v2\/types\/page"}],"author":[{"embeddable":true,"href":"https:\/\/www.loramendi.com\/es\/wp-json\/wp\/v2\/users\/1"}],"replies":[{"embeddable":true,"href":"https:\/\/www.loramendi.com\/es\/wp-json\/wp\/v2\/comments?post=3838"}],"version-history":[{"count":2,"href":"https:\/\/www.loramendi.com\/es\/wp-json\/wp\/v2\/pages\/3838\/revisions"}],"predecessor-version":[{"id":3840,"href":"https:\/\/www.loramendi.com\/es\/wp-json\/wp\/v2\/pages\/3838\/revisions\/3840"}],"wp:attachment":[{"href":"https:\/\/www.loramendi.com\/es\/wp-json\/wp\/v2\/media?parent=3838"}],"curies":[{"name":"wp","href":"https:\/\/api.w.org\/{rel}","templated":true}]}}