{"id":3842,"date":"2019-11-04T09:12:18","date_gmt":"2019-11-04T08:12:18","guid":{"rendered":"http:\/\/www.loramendi.com\/politica-de-cookies\/"},"modified":"2019-11-04T09:29:25","modified_gmt":"2019-11-04T08:29:25","slug":"politica-de-cookies","status":"publish","type":"page","link":"https:\/\/www.loramendi.com\/es\/politica-de-cookies\/","title":{"rendered":"Pol\u00edtica de cookies"},"content":{"rendered":"<p>[vc_row css=\u00bb.vc_custom_1460122496361{margin-bottom: 30px !important;}\u00bb][vc_column][vc_custom_heading text=\u00bbPOL\u00cdTICA DE COOKIES\u00bb use_theme_fonts=\u00bbyes\u00bb el_class=\u00bbtitle\u00bb][vc_empty_space height=\u00bb20px\u00bb][vc_column_text]Esta Web utiliza cookies para brindarte una mejor experiencia, m\u00e1s r\u00e1pida y segura. En esta Pol\u00edtica te explicamos cu\u00e1les son estas tecnolog\u00edas, para qu\u00e9 se utilizan, (por ejemplo, para iniciar sesi\u00f3n de navegaci\u00f3n o guardar tus preferencias) y por qui\u00e9n.<\/p>\n<h2>\u00bfQu\u00e9 son las cookies?<\/h2>\n<p>Las cookies son dispositivos que se env\u00edan a tu navegador y se instalan en el terminal desde el que navegas con la finalidad de almacenar informaci\u00f3n que podr\u00e1 ser recuperada posteriormente.<\/p>\n<p>Estas tecnolog\u00edas son esenciales para el correcto funcionamiento, integridad, disponibilidad y pertinencia de los contenidos de esta Web, y aportan importantes ventajas en la prestaci\u00f3n de los servicios, facilitando la navegaci\u00f3n y usabilidad.<\/p>\n<p>Las cookies no pueden leer informaciones almacenadas en ning\u00fan terminal. Tampoco pueden da\u00f1ar ni alterar tu equipo.<\/p>\n<h2>\u00bfQu\u00e9 tipos de cookies utiliza esta Web?<\/h2>\n<p>La informaci\u00f3n que ofrecemos a continuaci\u00f3n te ayudar\u00e1 a comprender los diferentes tipos de cookies que se instalan a trav\u00e9s de las distintas p\u00e1ginas de la Web. Igualmente, te informaremos de las cookies que instalan y terceras entidades.<\/p>\n<table>\n<tbody>\n<tr>\n<th>Tipo de Cookie<\/th>\n<th>Descripci\u00f3n<\/th>\n<th>Terceros<\/th>\n<\/tr>\n<tr>\n<td>T\u00c9CNICAS<\/td>\n<td>Las cookies t\u00e9cnicas almacenan informaci\u00f3n gen\u00e9rica y an\u00f3nima que no incluye datos de car\u00e1cter personal o recogen informaci\u00f3n que identifique a los usuarios. Su objetivo es garantizar el funcionamiento de la web.<\/td>\n<td>No<\/td>\n<\/tr>\n<tr>\n<td>SESI\u00d3N<\/td>\n<td>Estas cookies son necesarias para el correcto uso de la p\u00e1gina web, como para la sesi\u00f3n de usuarios, o para navegar de forma ininterrumpida recordando opciones de idioma o pa\u00eds. Se utilizan para identificar al usuario, si fuese necesario acceder a un \u00e1rea de registro. Sin estas cookies, muchos de los servicios disponibles no estar\u00edan operativos. Dichas cookies caducan cuando se cierra el navegador o pasado un mes.<\/td>\n<td>No<\/td>\n<\/tr>\n<tr>\n<td>ANAL\u00cdTICAS<\/td>\n<td>Estas cookies permiten analizar y medir las propiedades y funcionalidades de esta P\u00e1gina Web y proceder a su medici\u00f3n con finalidades de mejora. Las cookies que se instalan son cookies de terceros. Por ejemplo,\u00a0las de herramienta de anal\u00edtica que ayuda a los sitios web a entender el modo en que sus visitantes interact\u00faan con sus propiedades. Puede utilizar un conjunto de cookies para recopilar informaci\u00f3n e informar de las estad\u00edsticas de uso de los sitios web sin identificar personalmente a los visitantes.<\/td>\n<td>Google Analytics<\/td>\n<\/tr>\n<\/tbody>\n<\/table>\n<h2>\u00bfC\u00f3mo puedo gestionar las cookies?<\/h2>\n<p>Puedes acceder al men\u00fa de preferencias de tu navegador y configurarlo para que no se instalen cookies, borrar las ya existentes y\/o eliminarlas antes de iniciar la navegaci\u00f3n por otras p\u00e1ginas de Web.<\/p>\n<p>Para configurar tus preferencias sobre cookies, puedes seguir los pasos indicados, seg\u00fan el navegador con el que est\u00e9s navegando, a trav\u00e9s de los siguientes enlaces:<\/p>\n<ul>\n<li>Firefox desde <a href=\"https:\/\/support.mozilla.org\/es\/products\/firefox\/protect-your-privacy\/cookies\" target=\"_blank\" rel=\"noopener\">https:\/\/support.mozilla.org\/es\/products\/firefox\/protect-your-privacy\/cookies<\/a><\/li>\n<li>Chrome desde\u00a0<a href=\"http:\/\/support.google.com\/chrome\/bin\/answer.py?hl=es&amp;answer=95647\" target=\"_blank\" rel=\"noopener\">http:\/\/support.google.com\/chrome\/bin\/answer.py?hl=es&amp;answer=95647<\/a><\/li>\n<li>Safari desde\u00a0<a href=\"https:\/\/support.apple.com\/es-es\/HT201265?\" target=\"_blank\" rel=\"noopener\">https:\/\/support.apple.com\/es-es\/HT201265?<\/a><\/li>\n<li>Explorer desde https: \/\/support.microsoft.com\/es-es\/help\/17442\/windows-internet-explorer-delete-manage-cookies<\/li>\n<\/ul>\n<h2>Actualizaci\u00f3n de la pol\u00edtica cookies<\/h2>\n<p><em>\u00daltima actualizaci\u00f3n, 30 de Octubre de 2019.<\/em><\/p>\n<p>La pol\u00edtica de cookies podr\u00e1 ser modificada en funci\u00f3n de modificaciones legislativas o con la finalidad de adaptar dicha pol\u00edtica cuando se produzcan cambios en los acuerdos con terceros que instalen o utilicen cookies.[\/vc_column_text][\/vc_column][\/vc_row]<\/p>\n","protected":false},"excerpt":{"rendered":"<p>[vc_row css=\u00bb.vc_custom_1460122496361{margin-bottom: 30px !important;}\u00bb][vc_column][vc_custom_heading text=\u00bbPOL\u00cdTICA DE COOKIES\u00bb use_theme_fonts=\u00bbyes\u00bb el_class=\u00bbtitle\u00bb][vc_empty_space height=\u00bb20px\u00bb][vc_column_text]Esta Web utiliza cookies para brindarte una mejor experiencia, m\u00e1s r\u00e1pida y segura. En esta Pol\u00edtica te explicamos cu\u00e1les son estas tecnolog\u00edas, para qu\u00e9 se utilizan, (por ejemplo, para iniciar sesi\u00f3n &hellip;<\/p>\n","protected":false},"author":1,"featured_media":0,"parent":0,"menu_order":0,"comment_status":"closed","ping_status":"closed","template":"","meta":{"_acf_changed":false,"footnotes":""},"class_list":["post-3842","page","type-page","status-publish","hentry"],"acf":[],"yoast_head":"<!-- This site is optimized with the Yoast SEO plugin v27.2 - https:\/\/yoast.com\/product\/yoast-seo-wordpress\/ -->\n<title>Pol\u00edtica de cookies - Loramendi<\/title>\n<meta name=\"robots\" content=\"noindex, follow\" \/>\n<meta property=\"og:locale\" content=\"es_ES\" \/>\n<meta property=\"og:type\" content=\"article\" \/>\n<meta property=\"og:title\" content=\"Pol\u00edtica de cookies - Loramendi\" \/>\n<meta property=\"og:description\" content=\"[vc_row css=\u00bb.vc_custom_1460122496361{margin-bottom: 30px !important;}\u00bb][vc_column][vc_custom_heading text=\u00bbPOL\u00cdTICA DE COOKIES\u00bb use_theme_fonts=\u00bbyes\u00bb el_class=\u00bbtitle\u00bb][vc_empty_space height=\u00bb20px\u00bb][vc_column_text]Esta Web utiliza cookies para brindarte una mejor experiencia, m\u00e1s r\u00e1pida y segura. En esta Pol\u00edtica te explicamos cu\u00e1les son estas tecnolog\u00edas, para qu\u00e9 se utilizan, (por ejemplo, para iniciar sesi\u00f3n &hellip;\" \/>\n<meta property=\"og:url\" content=\"https:\/\/www.loramendi.com\/es\/politica-de-cookies\/\" \/>\n<meta property=\"og:site_name\" content=\"Loramendi\" \/>\n<meta property=\"article:modified_time\" content=\"2019-11-04T08:29:25+00:00\" \/>\n<meta name=\"twitter:card\" content=\"summary_large_image\" \/>\n<meta name=\"twitter:label1\" content=\"Tiempo de lectura\" \/>\n\t<meta name=\"twitter:data1\" content=\"3 minutos\" \/>\n<script type=\"application\/ld+json\" class=\"yoast-schema-graph\">{\"@context\":\"https:\/\/schema.org\",\"@graph\":[{\"@type\":\"WebPage\",\"@id\":\"https:\/\/www.loramendi.com\/es\/politica-de-cookies\/\",\"url\":\"https:\/\/www.loramendi.com\/es\/politica-de-cookies\/\",\"name\":\"Pol\u00edtica de cookies - Loramendi\",\"isPartOf\":{\"@id\":\"https:\/\/www.loramendi.com\/#website\"},\"datePublished\":\"2019-11-04T08:12:18+00:00\",\"dateModified\":\"2019-11-04T08:29:25+00:00\",\"breadcrumb\":{\"@id\":\"https:\/\/www.loramendi.com\/es\/politica-de-cookies\/#breadcrumb\"},\"inLanguage\":\"es\",\"potentialAction\":[{\"@type\":\"ReadAction\",\"target\":[\"https:\/\/www.loramendi.com\/es\/politica-de-cookies\/\"]}]},{\"@type\":\"BreadcrumbList\",\"@id\":\"https:\/\/www.loramendi.com\/es\/politica-de-cookies\/#breadcrumb\",\"itemListElement\":[{\"@type\":\"ListItem\",\"position\":1,\"name\":\"Portada\",\"item\":\"https:\/\/www.loramendi.com\/\"},{\"@type\":\"ListItem\",\"position\":2,\"name\":\"Pol\u00edtica de cookies\"}]},{\"@type\":\"WebSite\",\"@id\":\"https:\/\/www.loramendi.com\/#website\",\"url\":\"https:\/\/www.loramendi.com\/\",\"name\":\"Loramendi\",\"description\":\"Total performance in foundry\",\"publisher\":{\"@id\":\"https:\/\/www.loramendi.com\/#organization\"},\"potentialAction\":[{\"@type\":\"SearchAction\",\"target\":{\"@type\":\"EntryPoint\",\"urlTemplate\":\"https:\/\/www.loramendi.com\/?s={search_term_string}\"},\"query-input\":{\"@type\":\"PropertyValueSpecification\",\"valueRequired\":true,\"valueName\":\"search_term_string\"}}],\"inLanguage\":\"es\"},{\"@type\":\"Organization\",\"@id\":\"https:\/\/www.loramendi.com\/#organization\",\"name\":\"Loramendi S.Coop.\",\"url\":\"https:\/\/www.loramendi.com\/\",\"logo\":{\"@type\":\"ImageObject\",\"inLanguage\":\"es\",\"@id\":\"https:\/\/www.loramendi.com\/#\/schema\/logo\/image\/\",\"url\":\"https:\/\/www.loramendi.com\/wp-content\/uploads\/2018\/04\/loramendi-logo-1.png\",\"contentUrl\":\"https:\/\/www.loramendi.com\/wp-content\/uploads\/2018\/04\/loramendi-logo-1.png\",\"width\":252,\"height\":73,\"caption\":\"Loramendi S.Coop.\"},\"image\":{\"@id\":\"https:\/\/www.loramendi.com\/#\/schema\/logo\/image\/\"},\"sameAs\":[\"https:\/\/es.linkedin.com\/company\/loramendi-s-coop-\",\"https:\/\/www.youtube.com\/channel\/UC09AqLxmknxKsTUBvsVYFiw\"]}]}<\/script>\n<!-- \/ Yoast SEO plugin. -->","yoast_head_json":{"title":"Pol\u00edtica de cookies - Loramendi","robots":{"index":"noindex","follow":"follow"},"og_locale":"es_ES","og_type":"article","og_title":"Pol\u00edtica de cookies - Loramendi","og_description":"[vc_row css=\u00bb.vc_custom_1460122496361{margin-bottom: 30px !important;}\u00bb][vc_column][vc_custom_heading text=\u00bbPOL\u00cdTICA DE COOKIES\u00bb use_theme_fonts=\u00bbyes\u00bb el_class=\u00bbtitle\u00bb][vc_empty_space height=\u00bb20px\u00bb][vc_column_text]Esta Web utiliza cookies para brindarte una mejor experiencia, m\u00e1s r\u00e1pida y segura. En esta Pol\u00edtica te explicamos cu\u00e1les son estas tecnolog\u00edas, para qu\u00e9 se utilizan, (por ejemplo, para iniciar sesi\u00f3n &hellip;","og_url":"https:\/\/www.loramendi.com\/es\/politica-de-cookies\/","og_site_name":"Loramendi","article_modified_time":"2019-11-04T08:29:25+00:00","twitter_card":"summary_large_image","twitter_misc":{"Tiempo de lectura":"3 minutos"},"schema":{"@context":"https:\/\/schema.org","@graph":[{"@type":"WebPage","@id":"https:\/\/www.loramendi.com\/es\/politica-de-cookies\/","url":"https:\/\/www.loramendi.com\/es\/politica-de-cookies\/","name":"Pol\u00edtica de cookies - Loramendi","isPartOf":{"@id":"https:\/\/www.loramendi.com\/#website"},"datePublished":"2019-11-04T08:12:18+00:00","dateModified":"2019-11-04T08:29:25+00:00","breadcrumb":{"@id":"https:\/\/www.loramendi.com\/es\/politica-de-cookies\/#breadcrumb"},"inLanguage":"es","potentialAction":[{"@type":"ReadAction","target":["https:\/\/www.loramendi.com\/es\/politica-de-cookies\/"]}]},{"@type":"BreadcrumbList","@id":"https:\/\/www.loramendi.com\/es\/politica-de-cookies\/#breadcrumb","itemListElement":[{"@type":"ListItem","position":1,"name":"Portada","item":"https:\/\/www.loramendi.com\/"},{"@type":"ListItem","position":2,"name":"Pol\u00edtica de cookies"}]},{"@type":"WebSite","@id":"https:\/\/www.loramendi.com\/#website","url":"https:\/\/www.loramendi.com\/","name":"Loramendi","description":"Total performance in foundry","publisher":{"@id":"https:\/\/www.loramendi.com\/#organization"},"potentialAction":[{"@type":"SearchAction","target":{"@type":"EntryPoint","urlTemplate":"https:\/\/www.loramendi.com\/?s={search_term_string}"},"query-input":{"@type":"PropertyValueSpecification","valueRequired":true,"valueName":"search_term_string"}}],"inLanguage":"es"},{"@type":"Organization","@id":"https:\/\/www.loramendi.com\/#organization","name":"Loramendi S.Coop.","url":"https:\/\/www.loramendi.com\/","logo":{"@type":"ImageObject","inLanguage":"es","@id":"https:\/\/www.loramendi.com\/#\/schema\/logo\/image\/","url":"https:\/\/www.loramendi.com\/wp-content\/uploads\/2018\/04\/loramendi-logo-1.png","contentUrl":"https:\/\/www.loramendi.com\/wp-content\/uploads\/2018\/04\/loramendi-logo-1.png","width":252,"height":73,"caption":"Loramendi S.Coop."},"image":{"@id":"https:\/\/www.loramendi.com\/#\/schema\/logo\/image\/"},"sameAs":["https:\/\/es.linkedin.com\/company\/loramendi-s-coop-","https:\/\/www.youtube.com\/channel\/UC09AqLxmknxKsTUBvsVYFiw"]}]}},"_links":{"self":[{"href":"https:\/\/www.loramendi.com\/es\/wp-json\/wp\/v2\/pages\/3842","targetHints":{"allow":["GET"]}}],"collection":[{"href":"https:\/\/www.loramendi.com\/es\/wp-json\/wp\/v2\/pages"}],"about":[{"href":"https:\/\/www.loramendi.com\/es\/wp-json\/wp\/v2\/types\/page"}],"author":[{"embeddable":true,"href":"https:\/\/www.loramendi.com\/es\/wp-json\/wp\/v2\/users\/1"}],"replies":[{"embeddable":true,"href":"https:\/\/www.loramendi.com\/es\/wp-json\/wp\/v2\/comments?post=3842"}],"version-history":[{"count":4,"href":"https:\/\/www.loramendi.com\/es\/wp-json\/wp\/v2\/pages\/3842\/revisions"}],"predecessor-version":[{"id":3852,"href":"https:\/\/www.loramendi.com\/es\/wp-json\/wp\/v2\/pages\/3842\/revisions\/3852"}],"wp:attachment":[{"href":"https:\/\/www.loramendi.com\/es\/wp-json\/wp\/v2\/media?parent=3842"}],"curies":[{"name":"wp","href":"https:\/\/api.w.org\/{rel}","templated":true}]}}