{"id":3845,"date":"2019-11-04T09:19:41","date_gmt":"2019-11-04T08:19:41","guid":{"rendered":"http:\/\/www.loramendi.com\/aviso-legal\/"},"modified":"2019-11-04T09:19:42","modified_gmt":"2019-11-04T08:19:42","slug":"aviso-legal","status":"publish","type":"page","link":"https:\/\/www.loramendi.com\/es\/aviso-legal\/","title":{"rendered":"Aviso legal"},"content":{"rendered":"<p>[vc_row css=\u00bb.vc_custom_1460122496361{margin-bottom: 30px !important;}\u00bb][vc_column][vc_custom_heading text=\u00bbAVISO LEGAL\u00bb use_theme_fonts=\u00bbyes\u00bb el_class=\u00bbtitle\u00bb][vc_empty_space height=\u00bb20px\u00bb][vc_column_text]<\/p>\n<h2>1.\u00a0\u00a0\u00a0 Consideraciones generales<\/h2>\n<p>El acceso a esta WEB se encuentra condicionado a la previa lectura y aceptaci\u00f3n por parte de cualquier usuario de los t\u00e9rminos, condiciones, comunicaciones, advertencias y dem\u00e1s avisos legales contenidos en el presente clausulado.<\/p>\n<p>El acceso y posterior utilizaci\u00f3n de la WEB por parte del usuario implicar\u00e1 su conformidad de forma expresa, plena y sin reservas, con la totalidad de su contenido. El usuario declara ser mayor de edad y disponer de la capacidad jur\u00eddica suficiente para vincularse por las presentes Condiciones Generales. Igualmente, acepta de forma expresa y sin excepciones que el acceso y la utilizaci\u00f3n del presente sitio WEB, de sus servicios y de los contenidos de dichos servicios tiene lugar bajo su \u00fanica y exclusiva responsabilidad.<\/p>\n<p>El acceso a la WEB a trav\u00e9s las direcciones de URL https:\/\/www.loramendi.com tiene car\u00e1cter gratuito para los Usuarios y su visualizaci\u00f3n no requiere de previa suscripci\u00f3n o registro alguno.<\/p>\n<p>Si el usuario no estuviera de acuerdo con el contenido de las presentes Condiciones Generales de navegaci\u00f3n deber\u00e1 abandonar esta WEB, no pudiendo acceder ni disponer de los servicios que \u00e9sta ofrece.<\/p>\n<p>La WEB facilita a los visitantes y usuarios del mismo, el acceso a una amplia diversidad de prestaciones y contenidos: Informaci\u00f3n corporativa; ofertas de empleo; gesti\u00f3n de personas; canal de noticias; Atenci\u00f3n al cliente; blog, entre otros.<\/p>\n<p>Las conexiones con otros sitios WEB que pudieran existir as\u00ed como el uso que el usuario pueda hacer de las mismas est\u00e1 sujeto a las presentes Condiciones Generales, as\u00ed como a los eventuales condicionados espec\u00edficos que los citados sitios WEB requieran. Cualquier utilizaci\u00f3n distinta a la autorizada est\u00e1 expresamente prohibida.<\/p>\n<p>https:\/\/www.loramendi.com podr\u00e1n modificar, en cualquier momento que estimen oportuno la configuraci\u00f3n, las condiciones del servicio y su contenido, as\u00ed como eliminarlos, limitarlos o suspenderlos de manera temporal o definitiva, as\u00ed como impedir el acceso a los mismos, procurando informar al usuario de dicho cambio, siempre y cuando las circunstancias as\u00ed se lo permitan, a trav\u00e9s de su publicaci\u00f3n en cada una de las WEBs.<\/p>\n<h2>2.\u00a0\u00a0\u00a0 Identidad del titular de la Web<\/h2>\n<p>Los datos identificativos del responsable de\u00a0 \u00a0https:\/\/www.loramendi.com son los que figuran a continuaci\u00f3n:<\/p>\n<p>Raz\u00f3n Social: LORAMENDI S COOP<\/p>\n<p>CIF: F01365550<\/p>\n<p>Domicilio Social: Calle Alibarra, 26, Vitoria-gasteiz, 01010, Araba\/Alava<\/p>\n<p>Inscrita en el Registro de Cooperativas de Euskadi, folio 1.825, con el n\u00famero de inscripci\u00f3n 2004.0.019<\/p>\n<p>En adelante, LORAMENDI<\/p>\n<h2>3.\u00a0\u00a0\u00a0 Derechos y obligaciones del prestador de los servicios<\/h2>\n<p>Como proveedor del servicio, LORAMENDI se encuentra obligada a prestar los servicios ofertados por la presente WEB, a garantizar eficazmente el secreto de las comunicaciones que pudieran existir con el usuario, as\u00ed como a responder a las reclamaciones que eventualmente pudieran plantearse.<\/p>\n<p>En caso de efectuar operaciones de mantenimiento, reparaci\u00f3n, actualizaci\u00f3n o mejora de los servicios, LORAMENDI tiene el derecho a suspender temporalmente y sin necesidad de preaviso,\u00a0 la accesibilidad a la presente WEB, as\u00ed como a reservarse el derecho de prestaci\u00f3n o cancelaci\u00f3n de los servicios, sin perjuicio de lo cual, procurar\u00e1 ponerlo en conocimiento de los usuarios, siempre que las circunstancias as\u00ed se lo permitan.<\/p>\n<p>El uso que los usuarios puedan realizar de los servicios y\/o datos y\/o informaci\u00f3n suministrada a los mismos a trav\u00e9s de la presente WEB se realizar\u00e1 por cuenta y riesgo del usuario.<\/p>\n<p>LORAMENDI no garantiza, directa o indirectamente, la informaci\u00f3n o los servicios ofrecidos, salvo aquellas garant\u00edas que en virtud de las leyes aplicables deban ser otorgadas o que queden expl\u00edcitamente descritas en un acuerdo entre esta sociedad y el usuario.<\/p>\n<p>LORAMENDI no garantiza el contenido suministrado, en su caso, por terceras personas, ni garantiza la veracidad, fiabilidad, precisi\u00f3n, oportunidad o conveniencia de la informaci\u00f3n suministrada para el destino que los usuarios o cualquier otra persona hagan de la misma.<\/p>\n<p>Los derechos de propiedad intelectual sobre la presente WEB son titularidad de LORAMENDI. El ejercicio exclusivo de los derechos de reproducci\u00f3n, distribuci\u00f3n, comunicaci\u00f3n p\u00fablica y transformaci\u00f3n pertenecen a la citada compa\u00f1\u00eda.<\/p>\n<h2>4.\u00a0\u00a0\u00a0 Derechos y obligaciones del usuario.<\/h2>\n<p>En todo momento, el usuario debe realizar un uso l\u00edcito de los servicios de la presente WEB de acuerdo con la legalidad vigente, respetando los derechos de propiedad intelectual de LORAMENDI o terceros.<\/p>\n<p>En este sentido, el usuario garantiza que las actividades que desarrolle a trav\u00e9s de la presente WEB se adecuar\u00e1n a la ley, la moral, el orden p\u00fablico, las buenas costumbres y en ning\u00fan caso resultar\u00e1n ofensivas para el buen nombre e imagen comercial de LORAMENDI, para otros usuarios de la WEB o terceros.<\/p>\n<p>El usuario no realizar\u00e1 a trav\u00e9s de los servicios que LORAMENDI pone a su disposici\u00f3n, ninguna acci\u00f3n que cause da\u00f1o o alteraciones de los contenidos, ni obstaculizar\u00e1 el buen funcionamiento de la WEB, no causando problemas t\u00e9cnicos de ninguna \u00edndole, no transfiriendo elementos susceptibles de portar virus inform\u00e1ticos o de da\u00f1ar, interferir o interceptar total o parcialmente la presente WEB, as\u00ed como a no intervenir o alterar el correo electr\u00f3nico de otros usuarios.<\/p>\n<p>La responsabilidad del usuario sobre la veracidad de los datos introducidos, en el caso de que lo hiciera por cualquier circunstancia, es exclusiva, por lo que en caso de haber facilitado datos falsos o inexactos, LORAMENDI se reserva el derecho a prohibirle el acceso a esta WEB.<\/p>\n<h2>5.\u00a0\u00a0\u00a0 Exclusi\u00f3n de garant\u00edas y de responsabilidad por el funcionamiento del Sitio WEB y de sus Servicios<\/h2>\n<p>LORAMENDI no garantiza la disponibilidad y continuidad en cuanto al funcionamiento de la WEB o a la informaci\u00f3n, contenido, software, materiales, o productos incluidos en el mismo en la medida que lo permita la legislaci\u00f3n aplicable.<\/p>\n<p>De esta forma, se excluye cualquier responsabilidad por los da\u00f1os y perjuicios de cualquier naturaleza que puedan derivarse de la falta de disponibilidad o de continuidad del funcionamiento del sitio WEB y de sus servicios y la utilidad que los usuarios hubieran podido atribuir al presente sitio WEB.<\/p>\n<p>En cualquier caso, LORAMENDI realizar\u00e1 sus mejores esfuerzos de cara a mantener la disponibilidad continuada de la presente WEB.<\/p>\n<p>Asimismo, LORAMENDI no se hace responsable de los posibles errores o deficiencias de seguridad que pudieran producirse por la utilizaci\u00f3n, por parte del Usuario, de un navegador de una versi\u00f3n no actualizada o insegura, as\u00ed como por la activaci\u00f3n de los dispositivos de conservaci\u00f3n de claves o c\u00f3digos de identificaci\u00f3n del Usuario registrado en el navegador o de los da\u00f1os, errores o inexactitudes que pudieran derivarse del mal funcionamiento del mismo.<\/p>\n<p>LORAMENDI ha implantado todas las medidas de seguridad t\u00e9cnicas y organizativas necesarias que garanticen la integridad, confidencialidad y disponibilidad de los datos de car\u00e1cter personales facilitados por el usuario.<\/p>\n<p>Pese a que LORAMENDI ha implantado todas aquellas medidas adecuadas para garantizar la seguridad en esta materia, no controla ni garantiza la ausencia de virus ni de otros elementos en los contenidos de la presente p\u00e1gina WEB que puedan producir alteraciones en el sistema inform\u00e1tico (software y hardware) del usuario o en los documentos electr\u00f3nicos y ficheros almacenados en su sistema inform\u00e1tico.<\/p>\n<p>LORAMENDI se exime de cualquier responsabilidad por los da\u00f1os y perjuicios de toda naturaleza que puedan deberse a la presencia de virus en los contenidos que puedan producir alteraciones en el sistema inform\u00e1tico, documentos electr\u00f3nicos, ficheros etc.<\/p>\n<p>El usuario acepta que la WEB ha sido creada y desarrollada de buena fe por LORAMENDI con informaci\u00f3n procedente de fuentes internas y externas y lo ofrece en su estado actual a los usuarios, pudiendo contener imprecisiones o erratas. Por ello, el usuario exonera a LORAMENDI de cualquier responsabilidad en relaci\u00f3n con la fiabilidad, utilidad o falsa expectativa que la WEB pudiera producirle durante su navegaci\u00f3n por el mismo.<\/p>\n<h2>6.\u00a0\u00a0\u00a0 Derechos de propiedad intelectual<\/h2>\n<p>Todos los derechos sobre el contenido de la presente WEB pertenecen a LORAMENDI, salvo aqu\u00e9llos de empresas con las que LORAMENDI haya firmado el correspondiente contrato para la provisi\u00f3n de contenidos y est\u00e1n protegidos por las normas nacionales e internacionales de propiedad intelectual e industrial.<\/p>\n<p>Todos los contenidos de la WEB (incluyendo, sin car\u00e1cter limitativo, bases de datos, im\u00e1genes, dibujos, gr\u00e1ficos, archivos de texto, \u00a0mapas, gr\u00e1ficos, frames, banners, software y sus distintos c\u00f3digos fuente, audio y v\u00eddeo) son propiedad de LORAMENDI, o de sus proveedores de contenidos, habiendo sido, en este \u00faltimo caso, objeto de licencia o cesi\u00f3n por parte de los mismos, y est\u00e1n protegidos por las normas nacionales o internacionales de propiedad intelectual e industrial, no pudiendo ser objeto de ulterior modificaci\u00f3n, copia, alteraci\u00f3n, reproducci\u00f3n, adaptaci\u00f3n o traducci\u00f3n por parte del Usuario o de terceros sin la expresa autorizaci\u00f3n por parte de los titulares de dichos contenidos. La compilaci\u00f3n (entendi\u00e9ndose como tal la recopilaci\u00f3n, dise\u00f1o, ordenaci\u00f3n y montaje) de todo el contenido de la WEB es propiedad exclusiva de LORAMENDI.<\/p>\n<p>Todo el software utilizado en el uso y desarrollo de la WEB es propiedad de LORAMENDI o de sus proveedores de software y se encuentra protegido por las leyes nacionales e internacionales de propiedad industrial e intelectual.<\/p>\n<p>Las marcas, r\u00f3tulos, signos distintivos o logos de LORAMENDI que aparecen en la WEB, son titularidad de LORAMENDI, y est\u00e1n debidamente registrados o en proceso de registro. Las denominaciones de otros productos, servicios y compa\u00f1\u00edas que aparezcan en esta WEB pueden ser marcas registradas de sus respectivos y leg\u00edtimos propietarios.<\/p>\n<p>La puesta a disposici\u00f3n y uso de las bases de datos, im\u00e1genes, dibujos, gr\u00e1ficos, archivos de texto, audio, v\u00eddeo y software propiedad de LORAMENDI, que figuran en la WEB,\u00a0 no implica, en ning\u00fan caso, la cesi\u00f3n de su titularidad o la concesi\u00f3n de un derecho de uso en favor del Usuario.<\/p>\n<p>El usuario que acceda a esta WEB no puede copiar, modificar, distribuir, transmitir, reproducir, publicar, ceder, vender los elementos anteriormente mencionados o crear nuevos productos o servicios derivados de la informaci\u00f3n obtenida.<\/p>\n<p>\u00danicamente queda autorizada la visualizaci\u00f3n y carga para el uso personal y no comercial del usuario, sin que pueda hacerlo extensivo a terceras personas o entidades.<\/p>\n<p>En el caso de gr\u00e1ficos o dise\u00f1os que aparezcan en esta WEB cuyo titularidad sean empresas colaboradoras de LORAMENDI, les ser\u00e1n de aplicaci\u00f3n, igualmente, las presentes condiciones, salvo pacto en contrario.<\/p>\n<p>Queda terminantemente prohibida la alteraci\u00f3n de esta WEB por parte del usuario y que pueda afectar a su contenido, tales como v\u00ednculos (o links) y similares.<\/p>\n<p>LORAMENDI velar\u00e1 para que los contenidos de esta WEB no tengan car\u00e1cter pornogr\u00e1fico, xen\u00f3fobo, discriminatorio, racista, difamatorio o que no fomenten la violencia. Del mismo modo procurar\u00e1 evitar cualquier circunstancia que pueda ser perjudicial para los usuarios.<\/p>\n<h2>7.\u00a0\u00a0\u00a0 V\u00ednculos o enlaces hipertextuales<\/h2>\n<p>No se podr\u00e1 establecer ning\u00fan v\u00ednculo a esta WEB desde cualquier otra WEB sin el previo y expreso consentimiento de titular de la misma. La redifusi\u00f3n de contenidos, queda prohibida, salvo acuerdo entre el Sitio Web de origen y Sitio Web de destino. Los Usuarios o los titulares de otros sitios Web que pretendan crear un enlace de hipertexto (en adelante, link) a esta WEB deber\u00e1n asegurar y comprometerse al respecto de las reglas de LORAMENDI.<\/p>\n<p>Dichas reglas consisten en (i) no establecer enlaces a p\u00e1ginas o subp\u00e1ginas distintas a la home page de LORAMENDI, (ii) no realizar junto al link manifestaciones falsas, inexactas, incorrectas, que puedan inducir a error o que sean contrarias a la ley, la moral o las buenas costumbres; (iii) no incluir ninguna marca comercial o signo susceptible de protecci\u00f3n distinto de la direcci\u00f3n URL de la Web, (iv) no establecer links con p\u00e1ginas que contengan contenidos, manifestaciones o propaganda de car\u00e1cter racista, xen\u00f3fobo, pornogr\u00e1fico, de apolog\u00eda del terrorismo o atentatoria contra los derechos humanos y en general puedan perjudicar de cualquier modo el buen nombre comercial o la imagen de LORAMENDI o de sus clientes.<\/p>\n<p>En el supuesto de que la presente p\u00e1gina WEB pudiera contener v\u00ednculos o enlaces con otros siitios WEB no gestionados por LORAMENDI, esta sociedad manifiesta que no ejerce control alguno sobre dichos sitios, ni es responsable del contenido de los mismos. Los links que esta WEB pudiera contener se ofrecer\u00e1n, \u00fanicamente, a modo de referencias informativas, sin ning\u00fan tipo de valoraci\u00f3n sobre los contenidos, propietarios, servicios o productos ofrecidos desde los mismos. La inclusi\u00f3n de v\u00ednculos o enlaces con otros sitios Web no implica que LORAMENDI promocione, avale, garantice o recomiende los contenidos de dichos sitios Web.<\/p>\n<p>En todo caso, LORAMENDI se exoneran de toda responsabilidad en relaci\u00f3n con los servicios prestados por dichos terceros frente a cualesquiera reclamaciones de cualquier naturaleza y demandas que pudieran interponerse en relaci\u00f3n con los mismos.<\/p>\n<h2>8.\u00a0\u00a0\u00a0\u00a0 Protecci\u00f3n de datos de car\u00e1cter personal y pol\u00edtica de cookies<\/h2>\n<p>Puedes acceder a toda la informaci\u00f3n al respecto en <a href=\"http:\/\/www.loramendi.com\/es\/politica-de-proteccion-de-datos\/\">Data protection policy<\/a> y <a href=\"http:\/\/www.loramendi.com\/es\/politica-de-cookies\/\">Cookie policy<\/a>.<\/p>\n<h2>9.\u00a0\u00a0\u00a0 Nulidad e ineficacia de las cl\u00e1usulas<\/h2>\n<p>Si cualquier cl\u00e1usula de las presentes Condiciones fuese declarada, total o parcialmente, nula o ineficaz, tal nulidad o ineficacia afectar\u00e1 tan s\u00f3lo a dicha disposici\u00f3n o parte de la misma que resulte nula o ineficaz subsistiendo en todo lo dem\u00e1s, el resto de Condiciones y teni\u00e9ndose tal disposici\u00f3n o la parte de la misma que resulte afectada por no puesta, salvo que, por resultar esencial a las presentes Condiciones, hubiese de afectarlas de forma integral.<\/p>\n<h2>10. Ley aplicable y jurisdicci\u00f3n<\/h2>\n<p>Las presentes Condiciones Generales se interpretar\u00e1n y regir\u00e1n de conformidad con la legislaci\u00f3n espa\u00f1ola.<\/p>\n<p>Para cualquier cuesti\u00f3n litigiosa derivada de la existencia, acceso, utilizaci\u00f3n o contenido de las Condiciones Generales, tanto el Usuario como LORAMENDI, con renuncia expresa a cualquier otro fuero que pudiera corresponderles, se someten a la jurisdicci\u00f3n y competencia exclusiva de los Juzgados y Tribunales de ciudad de Vitoria-Gazteiz (\u00c1lava).[\/vc_column_text][\/vc_column][\/vc_row]<\/p>\n","protected":false},"excerpt":{"rendered":"<p>[vc_row css=\u00bb.vc_custom_1460122496361{margin-bottom: 30px !important;}\u00bb][vc_column][vc_custom_heading text=\u00bbAVISO LEGAL\u00bb use_theme_fonts=\u00bbyes\u00bb el_class=\u00bbtitle\u00bb][vc_empty_space height=\u00bb20px\u00bb][vc_column_text] 1.\u00a0\u00a0\u00a0 Consideraciones generales El acceso a esta WEB se encuentra condicionado a la previa lectura y aceptaci\u00f3n por parte de cualquier usuario de los t\u00e9rminos, condiciones, comunicaciones, advertencias y dem\u00e1s avisos &hellip;<\/p>\n","protected":false},"author":1,"featured_media":0,"parent":0,"menu_order":0,"comment_status":"closed","ping_status":"closed","template":"","meta":{"_acf_changed":false,"footnotes":""},"class_list":["post-3845","page","type-page","status-publish","hentry"],"acf":[],"yoast_head":"<!-- This site is optimized with the Yoast SEO plugin v27.2 - https:\/\/yoast.com\/product\/yoast-seo-wordpress\/ -->\n<title>Aviso legal - Loramendi<\/title>\n<meta name=\"robots\" content=\"index, follow, max-snippet:-1, max-image-preview:large, max-video-preview:-1\" \/>\n<link rel=\"canonical\" href=\"https:\/\/www.loramendi.com\/es\/aviso-legal\/\" \/>\n<meta property=\"og:locale\" content=\"es_ES\" \/>\n<meta property=\"og:type\" content=\"article\" \/>\n<meta property=\"og:title\" content=\"Aviso legal - Loramendi\" \/>\n<meta property=\"og:description\" content=\"[vc_row css=\u00bb.vc_custom_1460122496361{margin-bottom: 30px !important;}\u00bb][vc_column][vc_custom_heading text=\u00bbAVISO LEGAL\u00bb use_theme_fonts=\u00bbyes\u00bb el_class=\u00bbtitle\u00bb][vc_empty_space height=\u00bb20px\u00bb][vc_column_text] 1.\u00a0\u00a0\u00a0 Consideraciones generales El acceso a esta WEB se encuentra condicionado a la previa lectura y aceptaci\u00f3n por parte de cualquier usuario de los t\u00e9rminos, condiciones, comunicaciones, advertencias y dem\u00e1s avisos &hellip;\" \/>\n<meta property=\"og:url\" content=\"https:\/\/www.loramendi.com\/es\/aviso-legal\/\" \/>\n<meta property=\"og:site_name\" content=\"Loramendi\" \/>\n<meta property=\"article:modified_time\" content=\"2019-11-04T08:19:42+00:00\" \/>\n<meta name=\"twitter:card\" content=\"summary_large_image\" \/>\n<meta name=\"twitter:label1\" content=\"Tiempo de lectura\" \/>\n\t<meta name=\"twitter:data1\" content=\"12 minutos\" \/>\n<script type=\"application\/ld+json\" class=\"yoast-schema-graph\">{\"@context\":\"https:\/\/schema.org\",\"@graph\":[{\"@type\":\"WebPage\",\"@id\":\"https:\/\/www.loramendi.com\/es\/aviso-legal\/\",\"url\":\"https:\/\/www.loramendi.com\/es\/aviso-legal\/\",\"name\":\"Aviso legal - Loramendi\",\"isPartOf\":{\"@id\":\"https:\/\/www.loramendi.com\/#website\"},\"datePublished\":\"2019-11-04T08:19:41+00:00\",\"dateModified\":\"2019-11-04T08:19:42+00:00\",\"breadcrumb\":{\"@id\":\"https:\/\/www.loramendi.com\/es\/aviso-legal\/#breadcrumb\"},\"inLanguage\":\"es\",\"potentialAction\":[{\"@type\":\"ReadAction\",\"target\":[\"https:\/\/www.loramendi.com\/es\/aviso-legal\/\"]}]},{\"@type\":\"BreadcrumbList\",\"@id\":\"https:\/\/www.loramendi.com\/es\/aviso-legal\/#breadcrumb\",\"itemListElement\":[{\"@type\":\"ListItem\",\"position\":1,\"name\":\"Portada\",\"item\":\"https:\/\/www.loramendi.com\/\"},{\"@type\":\"ListItem\",\"position\":2,\"name\":\"Aviso legal\"}]},{\"@type\":\"WebSite\",\"@id\":\"https:\/\/www.loramendi.com\/#website\",\"url\":\"https:\/\/www.loramendi.com\/\",\"name\":\"Loramendi\",\"description\":\"Total performance in foundry\",\"publisher\":{\"@id\":\"https:\/\/www.loramendi.com\/#organization\"},\"potentialAction\":[{\"@type\":\"SearchAction\",\"target\":{\"@type\":\"EntryPoint\",\"urlTemplate\":\"https:\/\/www.loramendi.com\/?s={search_term_string}\"},\"query-input\":{\"@type\":\"PropertyValueSpecification\",\"valueRequired\":true,\"valueName\":\"search_term_string\"}}],\"inLanguage\":\"es\"},{\"@type\":\"Organization\",\"@id\":\"https:\/\/www.loramendi.com\/#organization\",\"name\":\"Loramendi S.Coop.\",\"url\":\"https:\/\/www.loramendi.com\/\",\"logo\":{\"@type\":\"ImageObject\",\"inLanguage\":\"es\",\"@id\":\"https:\/\/www.loramendi.com\/#\/schema\/logo\/image\/\",\"url\":\"https:\/\/www.loramendi.com\/wp-content\/uploads\/2018\/04\/loramendi-logo-1.png\",\"contentUrl\":\"https:\/\/www.loramendi.com\/wp-content\/uploads\/2018\/04\/loramendi-logo-1.png\",\"width\":252,\"height\":73,\"caption\":\"Loramendi S.Coop.\"},\"image\":{\"@id\":\"https:\/\/www.loramendi.com\/#\/schema\/logo\/image\/\"},\"sameAs\":[\"https:\/\/es.linkedin.com\/company\/loramendi-s-coop-\",\"https:\/\/www.youtube.com\/channel\/UC09AqLxmknxKsTUBvsVYFiw\"]}]}<\/script>\n<!-- \/ Yoast SEO plugin. -->","yoast_head_json":{"title":"Aviso legal - Loramendi","robots":{"index":"index","follow":"follow","max-snippet":"max-snippet:-1","max-image-preview":"max-image-preview:large","max-video-preview":"max-video-preview:-1"},"canonical":"https:\/\/www.loramendi.com\/es\/aviso-legal\/","og_locale":"es_ES","og_type":"article","og_title":"Aviso legal - Loramendi","og_description":"[vc_row css=\u00bb.vc_custom_1460122496361{margin-bottom: 30px !important;}\u00bb][vc_column][vc_custom_heading text=\u00bbAVISO LEGAL\u00bb use_theme_fonts=\u00bbyes\u00bb el_class=\u00bbtitle\u00bb][vc_empty_space height=\u00bb20px\u00bb][vc_column_text] 1.\u00a0\u00a0\u00a0 Consideraciones generales El acceso a esta WEB se encuentra condicionado a la previa lectura y aceptaci\u00f3n por parte de cualquier usuario de los t\u00e9rminos, condiciones, comunicaciones, advertencias y dem\u00e1s avisos &hellip;","og_url":"https:\/\/www.loramendi.com\/es\/aviso-legal\/","og_site_name":"Loramendi","article_modified_time":"2019-11-04T08:19:42+00:00","twitter_card":"summary_large_image","twitter_misc":{"Tiempo de lectura":"12 minutos"},"schema":{"@context":"https:\/\/schema.org","@graph":[{"@type":"WebPage","@id":"https:\/\/www.loramendi.com\/es\/aviso-legal\/","url":"https:\/\/www.loramendi.com\/es\/aviso-legal\/","name":"Aviso legal - Loramendi","isPartOf":{"@id":"https:\/\/www.loramendi.com\/#website"},"datePublished":"2019-11-04T08:19:41+00:00","dateModified":"2019-11-04T08:19:42+00:00","breadcrumb":{"@id":"https:\/\/www.loramendi.com\/es\/aviso-legal\/#breadcrumb"},"inLanguage":"es","potentialAction":[{"@type":"ReadAction","target":["https:\/\/www.loramendi.com\/es\/aviso-legal\/"]}]},{"@type":"BreadcrumbList","@id":"https:\/\/www.loramendi.com\/es\/aviso-legal\/#breadcrumb","itemListElement":[{"@type":"ListItem","position":1,"name":"Portada","item":"https:\/\/www.loramendi.com\/"},{"@type":"ListItem","position":2,"name":"Aviso legal"}]},{"@type":"WebSite","@id":"https:\/\/www.loramendi.com\/#website","url":"https:\/\/www.loramendi.com\/","name":"Loramendi","description":"Total performance in foundry","publisher":{"@id":"https:\/\/www.loramendi.com\/#organization"},"potentialAction":[{"@type":"SearchAction","target":{"@type":"EntryPoint","urlTemplate":"https:\/\/www.loramendi.com\/?s={search_term_string}"},"query-input":{"@type":"PropertyValueSpecification","valueRequired":true,"valueName":"search_term_string"}}],"inLanguage":"es"},{"@type":"Organization","@id":"https:\/\/www.loramendi.com\/#organization","name":"Loramendi S.Coop.","url":"https:\/\/www.loramendi.com\/","logo":{"@type":"ImageObject","inLanguage":"es","@id":"https:\/\/www.loramendi.com\/#\/schema\/logo\/image\/","url":"https:\/\/www.loramendi.com\/wp-content\/uploads\/2018\/04\/loramendi-logo-1.png","contentUrl":"https:\/\/www.loramendi.com\/wp-content\/uploads\/2018\/04\/loramendi-logo-1.png","width":252,"height":73,"caption":"Loramendi S.Coop."},"image":{"@id":"https:\/\/www.loramendi.com\/#\/schema\/logo\/image\/"},"sameAs":["https:\/\/es.linkedin.com\/company\/loramendi-s-coop-","https:\/\/www.youtube.com\/channel\/UC09AqLxmknxKsTUBvsVYFiw"]}]}},"_links":{"self":[{"href":"https:\/\/www.loramendi.com\/es\/wp-json\/wp\/v2\/pages\/3845","targetHints":{"allow":["GET"]}}],"collection":[{"href":"https:\/\/www.loramendi.com\/es\/wp-json\/wp\/v2\/pages"}],"about":[{"href":"https:\/\/www.loramendi.com\/es\/wp-json\/wp\/v2\/types\/page"}],"author":[{"embeddable":true,"href":"https:\/\/www.loramendi.com\/es\/wp-json\/wp\/v2\/users\/1"}],"replies":[{"embeddable":true,"href":"https:\/\/www.loramendi.com\/es\/wp-json\/wp\/v2\/comments?post=3845"}],"version-history":[{"count":2,"href":"https:\/\/www.loramendi.com\/es\/wp-json\/wp\/v2\/pages\/3845\/revisions"}],"predecessor-version":[{"id":3847,"href":"https:\/\/www.loramendi.com\/es\/wp-json\/wp\/v2\/pages\/3845\/revisions\/3847"}],"wp:attachment":[{"href":"https:\/\/www.loramendi.com\/es\/wp-json\/wp\/v2\/media?parent=3845"}],"curies":[{"name":"wp","href":"https:\/\/api.w.org\/{rel}","templated":true}]}}